{"id":650,"date":"2022-09-15T07:17:40","date_gmt":"2022-09-15T07:17:40","guid":{"rendered":"https:\/\/cidreriedelabrique.com\/?page_id=650"},"modified":"2024-10-22T09:54:30","modified_gmt":"2024-10-22T09:54:30","slug":"conditions-generales-de-vente","status":"publish","type":"page","link":"https:\/\/cidreriedelabrique.com\/index.php\/conditions-generales-de-vente\/","title":{"rendered":"Conditions G\u00e9n\u00e9rales d&rsquo;Utilisation"},"content":{"rendered":"\t\t<div data-elementor-type=\"wp-page\" data-elementor-id=\"650\" class=\"elementor elementor-650\">\n\t\t\t\t\t\t<section class=\"elementor-section elementor-top-section elementor-element elementor-element-4e22468 elementor-section-boxed elementor-section-height-default elementor-section-height-default\" data-id=\"4e22468\" data-element_type=\"section\" data-e-type=\"section\">\n\t\t\t\t\t\t<div class=\"elementor-container elementor-column-gap-default\">\n\t\t\t\t\t<div class=\"elementor-column elementor-col-100 elementor-top-column elementor-element elementor-element-5efdc5f\" data-id=\"5efdc5f\" data-element_type=\"column\" data-e-type=\"column\">\n\t\t\t<div class=\"elementor-widget-wrap elementor-element-populated\">\n\t\t\t\t\t\t<div class=\"elementor-element elementor-element-dbffaba elementor-widget elementor-widget-heading\" data-id=\"dbffaba\" data-element_type=\"widget\" data-e-type=\"widget\" data-widget_type=\"heading.default\">\n\t\t\t\t<div class=\"elementor-widget-container\">\n\t\t\t\t\t<h1 class=\"elementor-heading-title elementor-size-default\">Conditions G\u00e9n\u00e9rales d'Utilisation<\/h1>\t\t\t\t<\/div>\n\t\t\t\t<\/div>\n\t\t\t\t\t<\/div>\n\t\t<\/div>\n\t\t\t\t\t<\/div>\n\t\t<\/section>\n\t\t\t\t<section class=\"elementor-section elementor-top-section elementor-element elementor-element-65eebd0 elementor-section-boxed elementor-section-height-default elementor-section-height-default\" data-id=\"65eebd0\" data-element_type=\"section\" data-e-type=\"section\">\n\t\t\t\t\t\t<div class=\"elementor-container elementor-column-gap-default\">\n\t\t\t\t\t<div class=\"elementor-column elementor-col-100 elementor-top-column elementor-element elementor-element-a596687\" data-id=\"a596687\" data-element_type=\"column\" data-e-type=\"column\">\n\t\t\t<div class=\"elementor-widget-wrap elementor-element-populated\">\n\t\t\t\t\t\t<div class=\"elementor-element elementor-element-7cfad68 elementor-widget elementor-widget-text-editor\" data-id=\"7cfad68\" data-element_type=\"widget\" data-e-type=\"widget\" data-widget_type=\"text-editor.default\">\n\t\t\t\t<div class=\"elementor-widget-container\">\n\t\t\t\t\t\t\t\t\t<p><strong>Conditions G\u00e9n\u00e9rales d&rsquo;Utilisation (CGU) du site de la Cidrerie de la Brique<\/strong><br>Bienvenue sur le site internet de la Cidrerie de la Brique. En acc\u00e9dant et en naviguant sur ce site, vous acceptez sans r\u00e9serve les pr\u00e9sentes Conditions G\u00e9n\u00e9rales d&rsquo;Utilisation (CGU). Veuillez les lire attentivement avant toute utilisation de notre site.<\/p>\n<p><strong>1. Objet<\/strong><br>Les pr\u00e9sentes CGU ont pour objet de d\u00e9finir les modalit\u00e9s et conditions d\u2019utilisation du site internet de la Cidrerie de la Brique. Ce site non marchand a pour vocation de vous informer sur nos produits, notre histoire, nos \u00e9v\u00e9nements et de vous offrir une visite virtuelle de notre entreprise.<\/p>\n<p><strong>2. Acc\u00e8s au site<\/strong><br>L\u2019acc\u00e8s au site est gratuit. Nous nous effor\u00e7ons de maintenir le site accessible \u00e0 tout moment, mais nous ne pouvons \u00eatre tenus responsables en cas d\u2019indisponibilit\u00e9 pour des raisons techniques, de maintenance ou autres.<\/p>\n<p><strong>3. Propri\u00e9t\u00e9 intellectuelle<\/strong><br>Tout le contenu du site, y compris les textes, images, vid\u00e9os, logos, et autres \u00e9l\u00e9ments graphiques, est prot\u00e9g\u00e9 par les lois sur la propri\u00e9t\u00e9 intellectuelle. Toute reproduction, distribution, modification ou utilisation de ces \u00e9l\u00e9ments sans notre autorisation expresse est strictement interdite.<\/p>\n<p><strong>4. Responsabilit\u00e9<\/strong><br>La Cidrerie de la Brique s\u2019efforce de fournir des informations exactes et \u00e0 jour sur son site. Cependant, nous ne garantissons pas l&rsquo;exactitude, l&rsquo;exhaustivit\u00e9 ou la pertinence des informations pr\u00e9sent\u00e9es. Nous ne pouvons \u00eatre tenus responsables des erreurs ou omissions, ni des cons\u00e9quences de l\u2019utilisation de ces informations.<\/p>\n<p><strong>5. Liens hypertextes<\/strong><br>Notre site peut contenir des liens vers des sites externes. La Cidrerie de la Brique n&rsquo;exerce aucun contr\u00f4le sur le contenu de ces sites et d\u00e9cline toute responsabilit\u00e9 quant \u00e0 leur contenu ou leur utilisation.<\/p>\n<p><strong>6. Protection des donn\u00e9es personnelles<\/strong><br>Les donn\u00e9es personnelles collect\u00e9es sur ce site, notamment via le formulaire de contact, sont trait\u00e9es conform\u00e9ment \u00e0 notre politique de confidentialit\u00e9. Nous nous engageons \u00e0 ne pas divulguer ces informations \u00e0 des tiers sans votre consentement.<\/p>\n<p><strong>7. Cookies<\/strong><br>Notre site utilise des cookies pour am\u00e9liorer votre exp\u00e9rience utilisateur. Vous pouvez g\u00e9rer vos pr\u00e9f\u00e9rences en mati\u00e8re de cookies via les param\u00e8tres de votre navigateur.<\/p>\n<p><strong>8. Modification des CGU<\/strong><br>La Cidrerie de la Brique se r\u00e9serve le droit de modifier les pr\u00e9sentes CGU \u00e0 tout moment. Les modifications seront publi\u00e9es sur cette page et prendront effet d\u00e8s leur mise en ligne. Il vous est conseill\u00e9 de consulter r\u00e9guli\u00e8rement cette page pour prendre connaissance des \u00e9ventuelles modifications.<\/p>\n<p><strong>9. Droit applicable et juridiction<\/strong><br>Les pr\u00e9sentes CGU sont soumises au droit fran\u00e7ais. En cas de litige relatif \u00e0 l\u2019utilisation de notre site, les tribunaux comp\u00e9tents seront ceux de notre si\u00e8ge social.<\/p>\n<p><strong>10. Contact<\/strong><br>Pour toute question ou r\u00e9clamation concernant notre site, vous pouvez nous contacter \u00e0 l\u2019adresse suivante :<\/p>\n<p>Cidrerie de la Brique<br>2051 Route de la Brique<br>50700, Saint-Joseph<\/p>\n<p>02.33.40.19.27<\/p><p>c<a href=\"mailto:contact@cidreriedelabrique.com\" target=\"_blank\" style=\"font-size: 1rem;\">ontact@cidreriedelabrique.com<\/a><\/p>\n<p><span style=\"font-style: inherit; font-weight: inherit; background-color: var(--ast-global-color-5);\">Merci de votre visite et de l\u2019int\u00e9r\u00eat que vous portez \u00e0 la Cidrerie de la Brique. Nous esp\u00e9rons que vous appr\u00e9cierez la d\u00e9couverte de notre univers et de nos produits.<\/span><br><\/p>\t\t\t\t\t\t\t\t<\/div>\n\t\t\t\t<\/div>\n\t\t\t\t\t<\/div>\n\t\t<\/div>\n\t\t\t\t\t<\/div>\n\t\t<\/section>\n\t\t\t\t<\/div>\n\t\t","protected":false},"excerpt":{"rendered":"<p>Conditions G\u00e9n\u00e9rales d&rsquo;Utilisation Conditions G\u00e9n\u00e9rales d&rsquo;Utilisation (CGU) du site de la Cidrerie de la BriqueBienvenue sur le site internet de la Cidrerie de la Brique. En acc\u00e9dant et en naviguant sur ce site, vous acceptez sans r\u00e9serve les pr\u00e9sentes Conditions G\u00e9n\u00e9rales d&rsquo;Utilisation (CGU). Veuillez les lire attentivement avant toute utilisation de notre site. 1. ObjetLes [&hellip;]<\/p>\n","protected":false},"author":1,"featured_media":0,"parent":0,"menu_order":0,"comment_status":"closed","ping_status":"closed","template":"","meta":{"_monsterinsights_skip_tracking":false,"_monsterinsights_sitenote_active":false,"_monsterinsights_sitenote_note":"","_monsterinsights_sitenote_category":0,"site-sidebar-layout":"default","site-content-layout":"","ast-site-content-layout":"default","site-content-style":"default","site-sidebar-style":"default","ast-global-header-display":"","ast-banner-title-visibility":"","ast-main-header-display":"","ast-hfb-above-header-display":"","ast-hfb-below-header-display":"","ast-hfb-mobile-header-display":"","site-post-title":"","ast-breadcrumbs-content":"","ast-featured-img":"","footer-sml-layout":"","ast-disable-related-posts":"","theme-transparent-header-meta":"","adv-header-id-meta":"","stick-header-meta":"","header-above-stick-meta":"","header-main-stick-meta":"","header-below-stick-meta":"","astra-migrate-meta-layouts":"set","ast-page-background-enabled":"default","ast-page-background-meta":{"desktop":{"background-color":"var(--ast-global-color-4)","background-image":"","background-repeat":"repeat","background-position":"center center","background-size":"auto","background-attachment":"scroll","background-type":"","background-media":"","overlay-type":"","overlay-color":"","overlay-opacity":"","overlay-gradient":""},"tablet":{"background-color":"","background-image":"","background-repeat":"repeat","background-position":"center center","background-size":"auto","background-attachment":"scroll","background-type":"","background-media":"","overlay-type":"","overlay-color":"","overlay-opacity":"","overlay-gradient":""},"mobile":{"background-color":"","background-image":"","background-repeat":"repeat","background-position":"center center","background-size":"auto","background-attachment":"scroll","background-type":"","background-media":"","overlay-type":"","overlay-color":"","overlay-opacity":"","overlay-gradient":""}},"ast-content-background-meta":{"desktop":{"background-color":"var(--ast-global-color-5)","background-image":"","background-repeat":"repeat","background-position":"center center","background-size":"auto","background-attachment":"scroll","background-type":"","background-media":"","overlay-type":"","overlay-color":"","overlay-opacity":"","overlay-gradient":""},"tablet":{"background-color":"var(--ast-global-color-5)","background-image":"","background-repeat":"repeat","background-position":"center center","background-size":"auto","background-attachment":"scroll","background-type":"","background-media":"","overlay-type":"","overlay-color":"","overlay-opacity":"","overlay-gradient":""},"mobile":{"background-color":"var(--ast-global-color-5)","background-image":"","background-repeat":"repeat","background-position":"center center","background-size":"auto","background-attachment":"scroll","background-type":"","background-media":"","overlay-type":"","overlay-color":"","overlay-opacity":"","overlay-gradient":""}},"footnotes":""},"class_list":["post-650","page","type-page","status-publish","hentry"],"yoast_head":"<!-- This site is optimized with the Yoast SEO plugin v27.4 - https:\/\/yoast.com\/product\/yoast-seo-wordpress\/ -->\n<title>Conditions G\u00e9n\u00e9rales d&#039;Utilisation - cidreriedelabrique<\/title>\n<meta name=\"robots\" content=\"index, follow, max-snippet:-1, max-image-preview:large, max-video-preview:-1\" \/>\n<link rel=\"canonical\" href=\"https:\/\/cidreriedelabrique.com\/index.php\/conditions-generales-de-vente\/\" \/>\n<meta property=\"og:locale\" content=\"fr_FR\" \/>\n<meta property=\"og:type\" content=\"article\" \/>\n<meta property=\"og:title\" content=\"Conditions G\u00e9n\u00e9rales d&#039;Utilisation - cidreriedelabrique\" \/>\n<meta property=\"og:description\" content=\"Conditions G\u00e9n\u00e9rales d&rsquo;Utilisation Conditions G\u00e9n\u00e9rales d&rsquo;Utilisation (CGU) du site de la Cidrerie de la BriqueBienvenue sur le site internet de la Cidrerie de la Brique. En acc\u00e9dant et en naviguant sur ce site, vous acceptez sans r\u00e9serve les pr\u00e9sentes Conditions G\u00e9n\u00e9rales d&rsquo;Utilisation (CGU). Veuillez les lire attentivement avant toute utilisation de notre site. 1. ObjetLes [&hellip;]\" \/>\n<meta property=\"og:url\" content=\"https:\/\/cidreriedelabrique.com\/index.php\/conditions-generales-de-vente\/\" \/>\n<meta property=\"og:site_name\" content=\"cidreriedelabrique\" \/>\n<meta property=\"article:publisher\" content=\"https:\/\/www.facebook.com\/cidreriedelabrique\" \/>\n<meta property=\"article:modified_time\" content=\"2024-10-22T09:54:30+00:00\" \/>\n<meta name=\"twitter:card\" content=\"summary_large_image\" \/>\n<meta name=\"twitter:label1\" content=\"Dur\u00e9e de lecture estim\u00e9e\" \/>\n\t<meta name=\"twitter:data1\" content=\"3 minutes\" \/>\n<script type=\"application\/ld+json\" class=\"yoast-schema-graph\">{\"@context\":\"https:\\\/\\\/schema.org\",\"@graph\":[{\"@type\":\"WebPage\",\"@id\":\"https:\\\/\\\/cidreriedelabrique.com\\\/index.php\\\/conditions-generales-de-vente\\\/\",\"url\":\"https:\\\/\\\/cidreriedelabrique.com\\\/index.php\\\/conditions-generales-de-vente\\\/\",\"name\":\"Conditions G\u00e9n\u00e9rales d'Utilisation - cidreriedelabrique\",\"isPartOf\":{\"@id\":\"https:\\\/\\\/cidreriedelabrique.com\\\/#website\"},\"datePublished\":\"2022-09-15T07:17:40+00:00\",\"dateModified\":\"2024-10-22T09:54:30+00:00\",\"breadcrumb\":{\"@id\":\"https:\\\/\\\/cidreriedelabrique.com\\\/index.php\\\/conditions-generales-de-vente\\\/#breadcrumb\"},\"inLanguage\":\"fr-FR\",\"potentialAction\":[{\"@type\":\"ReadAction\",\"target\":[\"https:\\\/\\\/cidreriedelabrique.com\\\/index.php\\\/conditions-generales-de-vente\\\/\"]}]},{\"@type\":\"BreadcrumbList\",\"@id\":\"https:\\\/\\\/cidreriedelabrique.com\\\/index.php\\\/conditions-generales-de-vente\\\/#breadcrumb\",\"itemListElement\":[{\"@type\":\"ListItem\",\"position\":1,\"name\":\"Accueil\",\"item\":\"https:\\\/\\\/cidreriedelabrique.com\\\/\"},{\"@type\":\"ListItem\",\"position\":2,\"name\":\"Conditions G\u00e9n\u00e9rales d&rsquo;Utilisation\"}]},{\"@type\":\"WebSite\",\"@id\":\"https:\\\/\\\/cidreriedelabrique.com\\\/#website\",\"url\":\"https:\\\/\\\/cidreriedelabrique.com\\\/\",\"name\":\"cidreriedelabrique\",\"description\":\"Artisans Cidricoles depuis 1953\",\"publisher\":{\"@id\":\"https:\\\/\\\/cidreriedelabrique.com\\\/#organization\"},\"potentialAction\":[{\"@type\":\"SearchAction\",\"target\":{\"@type\":\"EntryPoint\",\"urlTemplate\":\"https:\\\/\\\/cidreriedelabrique.com\\\/?s={search_term_string}\"},\"query-input\":{\"@type\":\"PropertyValueSpecification\",\"valueRequired\":true,\"valueName\":\"search_term_string\"}}],\"inLanguage\":\"fr-FR\"},{\"@type\":\"Organization\",\"@id\":\"https:\\\/\\\/cidreriedelabrique.com\\\/#organization\",\"name\":\"cidreriedelabrique\",\"url\":\"https:\\\/\\\/cidreriedelabrique.com\\\/\",\"logo\":{\"@type\":\"ImageObject\",\"inLanguage\":\"fr-FR\",\"@id\":\"https:\\\/\\\/cidreriedelabrique.com\\\/#\\\/schema\\\/logo\\\/image\\\/\",\"url\":\"https:\\\/\\\/cidreriedelabrique.com\\\/wp-content\\\/uploads\\\/2022\\\/08\\\/LOGO-CDLB-COULEUR-1.png\",\"contentUrl\":\"https:\\\/\\\/cidreriedelabrique.com\\\/wp-content\\\/uploads\\\/2022\\\/08\\\/LOGO-CDLB-COULEUR-1.png\",\"width\":2316,\"height\":2317,\"caption\":\"cidreriedelabrique\"},\"image\":{\"@id\":\"https:\\\/\\\/cidreriedelabrique.com\\\/#\\\/schema\\\/logo\\\/image\\\/\"},\"sameAs\":[\"https:\\\/\\\/www.facebook.com\\\/cidreriedelabrique\",\"https:\\\/\\\/www.instagram.com\\\/cidreriedelabrique\",\"https:\\\/\\\/www.linkedin.com\\\/cidrerie-de-la-brique\"]}]}<\/script>\n<!-- \/ Yoast SEO plugin. -->","yoast_head_json":{"title":"Conditions G\u00e9n\u00e9rales d'Utilisation - cidreriedelabrique","robots":{"index":"index","follow":"follow","max-snippet":"max-snippet:-1","max-image-preview":"max-image-preview:large","max-video-preview":"max-video-preview:-1"},"canonical":"https:\/\/cidreriedelabrique.com\/index.php\/conditions-generales-de-vente\/","og_locale":"fr_FR","og_type":"article","og_title":"Conditions G\u00e9n\u00e9rales d'Utilisation - cidreriedelabrique","og_description":"Conditions G\u00e9n\u00e9rales d&rsquo;Utilisation Conditions G\u00e9n\u00e9rales d&rsquo;Utilisation (CGU) du site de la Cidrerie de la BriqueBienvenue sur le site internet de la Cidrerie de la Brique. En acc\u00e9dant et en naviguant sur ce site, vous acceptez sans r\u00e9serve les pr\u00e9sentes Conditions G\u00e9n\u00e9rales d&rsquo;Utilisation (CGU). Veuillez les lire attentivement avant toute utilisation de notre site. 1. ObjetLes [&hellip;]","og_url":"https:\/\/cidreriedelabrique.com\/index.php\/conditions-generales-de-vente\/","og_site_name":"cidreriedelabrique","article_publisher":"https:\/\/www.facebook.com\/cidreriedelabrique","article_modified_time":"2024-10-22T09:54:30+00:00","twitter_card":"summary_large_image","twitter_misc":{"Dur\u00e9e de lecture estim\u00e9e":"3 minutes"},"schema":{"@context":"https:\/\/schema.org","@graph":[{"@type":"WebPage","@id":"https:\/\/cidreriedelabrique.com\/index.php\/conditions-generales-de-vente\/","url":"https:\/\/cidreriedelabrique.com\/index.php\/conditions-generales-de-vente\/","name":"Conditions G\u00e9n\u00e9rales d'Utilisation - cidreriedelabrique","isPartOf":{"@id":"https:\/\/cidreriedelabrique.com\/#website"},"datePublished":"2022-09-15T07:17:40+00:00","dateModified":"2024-10-22T09:54:30+00:00","breadcrumb":{"@id":"https:\/\/cidreriedelabrique.com\/index.php\/conditions-generales-de-vente\/#breadcrumb"},"inLanguage":"fr-FR","potentialAction":[{"@type":"ReadAction","target":["https:\/\/cidreriedelabrique.com\/index.php\/conditions-generales-de-vente\/"]}]},{"@type":"BreadcrumbList","@id":"https:\/\/cidreriedelabrique.com\/index.php\/conditions-generales-de-vente\/#breadcrumb","itemListElement":[{"@type":"ListItem","position":1,"name":"Accueil","item":"https:\/\/cidreriedelabrique.com\/"},{"@type":"ListItem","position":2,"name":"Conditions G\u00e9n\u00e9rales d&rsquo;Utilisation"}]},{"@type":"WebSite","@id":"https:\/\/cidreriedelabrique.com\/#website","url":"https:\/\/cidreriedelabrique.com\/","name":"cidreriedelabrique","description":"Artisans Cidricoles depuis 1953","publisher":{"@id":"https:\/\/cidreriedelabrique.com\/#organization"},"potentialAction":[{"@type":"SearchAction","target":{"@type":"EntryPoint","urlTemplate":"https:\/\/cidreriedelabrique.com\/?s={search_term_string}"},"query-input":{"@type":"PropertyValueSpecification","valueRequired":true,"valueName":"search_term_string"}}],"inLanguage":"fr-FR"},{"@type":"Organization","@id":"https:\/\/cidreriedelabrique.com\/#organization","name":"cidreriedelabrique","url":"https:\/\/cidreriedelabrique.com\/","logo":{"@type":"ImageObject","inLanguage":"fr-FR","@id":"https:\/\/cidreriedelabrique.com\/#\/schema\/logo\/image\/","url":"https:\/\/cidreriedelabrique.com\/wp-content\/uploads\/2022\/08\/LOGO-CDLB-COULEUR-1.png","contentUrl":"https:\/\/cidreriedelabrique.com\/wp-content\/uploads\/2022\/08\/LOGO-CDLB-COULEUR-1.png","width":2316,"height":2317,"caption":"cidreriedelabrique"},"image":{"@id":"https:\/\/cidreriedelabrique.com\/#\/schema\/logo\/image\/"},"sameAs":["https:\/\/www.facebook.com\/cidreriedelabrique","https:\/\/www.instagram.com\/cidreriedelabrique","https:\/\/www.linkedin.com\/cidrerie-de-la-brique"]}]}},"_links":{"self":[{"href":"https:\/\/cidreriedelabrique.com\/index.php\/wp-json\/wp\/v2\/pages\/650","targetHints":{"allow":["GET"]}}],"collection":[{"href":"https:\/\/cidreriedelabrique.com\/index.php\/wp-json\/wp\/v2\/pages"}],"about":[{"href":"https:\/\/cidreriedelabrique.com\/index.php\/wp-json\/wp\/v2\/types\/page"}],"author":[{"embeddable":true,"href":"https:\/\/cidreriedelabrique.com\/index.php\/wp-json\/wp\/v2\/users\/1"}],"replies":[{"embeddable":true,"href":"https:\/\/cidreriedelabrique.com\/index.php\/wp-json\/wp\/v2\/comments?post=650"}],"version-history":[{"count":16,"href":"https:\/\/cidreriedelabrique.com\/index.php\/wp-json\/wp\/v2\/pages\/650\/revisions"}],"predecessor-version":[{"id":2324,"href":"https:\/\/cidreriedelabrique.com\/index.php\/wp-json\/wp\/v2\/pages\/650\/revisions\/2324"}],"wp:attachment":[{"href":"https:\/\/cidreriedelabrique.com\/index.php\/wp-json\/wp\/v2\/media?parent=650"}],"curies":[{"name":"wp","href":"https:\/\/api.w.org\/{rel}","templated":true}]}}