{"id":1781,"date":"2023-02-17T13:08:58","date_gmt":"2023-02-17T13:08:58","guid":{"rendered":"https:\/\/cidreriedelabrique.com\/?page_id=1781"},"modified":"2023-02-17T13:39:22","modified_gmt":"2023-02-17T13:39:22","slug":"nos-revendeurs","status":"publish","type":"page","link":"https:\/\/cidreriedelabrique.com\/index.php\/nos-revendeurs\/","title":{"rendered":"Nos revendeurs"},"content":{"rendered":"\t\t<div data-elementor-type=\"wp-page\" data-elementor-id=\"1781\" class=\"elementor elementor-1781\">\n\t\t\t\t\t\t<section class=\"elementor-section elementor-top-section elementor-element elementor-element-7ddf052 elementor-section-boxed elementor-section-height-default elementor-section-height-default\" data-id=\"7ddf052\" data-element_type=\"section\" data-e-type=\"section\">\n\t\t\t\t\t\t<div class=\"elementor-container elementor-column-gap-default\">\n\t\t\t\t\t<div class=\"elementor-column elementor-col-100 elementor-top-column elementor-element elementor-element-8f44ba5\" data-id=\"8f44ba5\" data-element_type=\"column\" data-e-type=\"column\">\n\t\t\t<div class=\"elementor-widget-wrap elementor-element-populated\">\n\t\t\t\t\t\t<div class=\"elementor-element elementor-element-2fabd60 elementor-widget elementor-widget-heading\" data-id=\"2fabd60\" data-element_type=\"widget\" data-e-type=\"widget\" data-widget_type=\"heading.default\">\n\t\t\t\t<div class=\"elementor-widget-container\">\n\t\t\t\t\t<h1 class=\"elementor-heading-title elementor-size-default\">O\u00f9 nous retrouver en France ?<\/h1>\t\t\t\t<\/div>\n\t\t\t\t<\/div>\n\t\t\t\t\t<\/div>\n\t\t<\/div>\n\t\t\t\t\t<\/div>\n\t\t<\/section>\n\t\t\t\t<section class=\"elementor-section elementor-top-section elementor-element elementor-element-be4e35e elementor-section-boxed elementor-section-height-default elementor-section-height-default\" data-id=\"be4e35e\" data-element_type=\"section\" data-e-type=\"section\">\n\t\t\t\t\t\t<div class=\"elementor-container elementor-column-gap-default\">\n\t\t\t\t\t<div class=\"elementor-column elementor-col-50 elementor-top-column elementor-element elementor-element-3d3f8ed\" data-id=\"3d3f8ed\" data-element_type=\"column\" data-e-type=\"column\">\n\t\t\t<div class=\"elementor-widget-wrap elementor-element-populated\">\n\t\t\t\t\t\t<div class=\"elementor-element elementor-element-5433e5e elementor-widget elementor-widget-html\" data-id=\"5433e5e\" data-element_type=\"widget\" data-e-type=\"widget\" data-widget_type=\"html.default\">\n\t\t\t\t<div class=\"elementor-widget-container\">\n\t\t\t\t\t<iframe src=\"https:\/\/www.google.com\/maps\/d\/u\/2\/embed?mid=15F0-TQZmi7QubL7-bDJg5m75tLnnDUA&ehbc=2E312F\" width=\"640\" height=\"480\"><\/iframe>\t\t\t\t<\/div>\n\t\t\t\t<\/div>\n\t\t\t\t\t<\/div>\n\t\t<\/div>\n\t\t\t\t<div class=\"elementor-column elementor-col-50 elementor-top-column elementor-element elementor-element-f68629e\" data-id=\"f68629e\" data-element_type=\"column\" data-e-type=\"column\">\n\t\t\t<div class=\"elementor-widget-wrap elementor-element-populated\">\n\t\t\t\t\t\t<div class=\"elementor-element elementor-element-f22dde7 elementor-widget elementor-widget-heading\" data-id=\"f22dde7\" data-element_type=\"widget\" data-e-type=\"widget\" data-widget_type=\"heading.default\">\n\t\t\t\t<div class=\"elementor-widget-container\">\n\t\t\t\t\t<h2 class=\"elementor-heading-title elementor-size-default\">L\u00e9gende<\/h2>\t\t\t\t<\/div>\n\t\t\t\t<\/div>\n\t\t\t\t<section class=\"elementor-section elementor-inner-section elementor-element elementor-element-1578e81 elementor-section-boxed elementor-section-height-default elementor-section-height-default\" data-id=\"1578e81\" data-element_type=\"section\" data-e-type=\"section\">\n\t\t\t\t\t\t<div class=\"elementor-container elementor-column-gap-default\">\n\t\t\t\t\t<div class=\"elementor-column elementor-col-50 elementor-inner-column elementor-element elementor-element-3969873\" data-id=\"3969873\" data-element_type=\"column\" data-e-type=\"column\">\n\t\t\t<div class=\"elementor-widget-wrap elementor-element-populated\">\n\t\t\t\t\t\t<div class=\"elementor-element elementor-element-7b2f3db elementor-widget elementor-widget-image\" data-id=\"7b2f3db\" data-element_type=\"widget\" data-e-type=\"widget\" data-widget_type=\"image.default\">\n\t\t\t\t<div class=\"elementor-widget-container\">\n\t\t\t\t\t\t\t\t\t\t\t\t\t\t\t<img decoding=\"async\" width=\"176\" height=\"179\" src=\"https:\/\/cidreriedelabrique.com\/wp-content\/uploads\/2023\/02\/localisateur-02.png\" class=\"attachment-2048x2048 size-2048x2048 wp-image-1804\" alt=\"\" \/>\t\t\t\t\t\t\t\t\t\t\t\t\t\t\t<\/div>\n\t\t\t\t<\/div>\n\t\t\t\t\t<\/div>\n\t\t<\/div>\n\t\t\t\t<div class=\"elementor-column elementor-col-50 elementor-inner-column elementor-element elementor-element-188392d\" data-id=\"188392d\" data-element_type=\"column\" data-e-type=\"column\">\n\t\t\t<div class=\"elementor-widget-wrap elementor-element-populated\">\n\t\t\t\t\t\t<div class=\"elementor-element elementor-element-023c07c elementor-widget elementor-widget-text-editor\" data-id=\"023c07c\" data-element_type=\"widget\" data-e-type=\"widget\" data-widget_type=\"text-editor.default\">\n\t\t\t\t<div class=\"elementor-widget-container\">\n\t\t\t\t\t\t\t\t\t<p>Nos <span style=\"color: var( --e-global-color-astglobalcolor2 ); font-style: inherit; letter-spacing: 0px; background-color: var(--ast-global-color-5);\">magasins revendeurs<\/span><\/p>\t\t\t\t\t\t\t\t<\/div>\n\t\t\t\t<\/div>\n\t\t\t\t\t<\/div>\n\t\t<\/div>\n\t\t\t\t\t<\/div>\n\t\t<\/section>\n\t\t\t\t<section class=\"elementor-section elementor-inner-section elementor-element elementor-element-1253385 elementor-section-boxed elementor-section-height-default elementor-section-height-default\" data-id=\"1253385\" data-element_type=\"section\" data-e-type=\"section\">\n\t\t\t\t\t\t<div class=\"elementor-container elementor-column-gap-default\">\n\t\t\t\t\t<div class=\"elementor-column elementor-col-50 elementor-inner-column elementor-element elementor-element-39ea746\" data-id=\"39ea746\" data-element_type=\"column\" data-e-type=\"column\">\n\t\t\t<div class=\"elementor-widget-wrap elementor-element-populated\">\n\t\t\t\t\t\t<div class=\"elementor-element elementor-element-1669c7c elementor-widget elementor-widget-image\" data-id=\"1669c7c\" data-element_type=\"widget\" data-e-type=\"widget\" data-widget_type=\"image.default\">\n\t\t\t\t<div class=\"elementor-widget-container\">\n\t\t\t\t\t\t\t\t\t\t\t\t\t\t\t<img decoding=\"async\" width=\"175\" height=\"179\" src=\"https:\/\/cidreriedelabrique.com\/wp-content\/uploads\/2023\/02\/localisateur-01.png\" class=\"attachment-2048x2048 size-2048x2048 wp-image-1803\" alt=\"\" srcset=\"https:\/\/cidreriedelabrique.com\/wp-content\/uploads\/2023\/02\/localisateur-01.png 175w, https:\/\/cidreriedelabrique.com\/wp-content\/uploads\/2023\/02\/elementor\/thumbs\/localisateur-01-q2afiwu9lykte7yxnydprlzsmxkmd6p04oci6py2k4.png 50w\" sizes=\"(max-width: 175px) 100vw, 175px\" \/>\t\t\t\t\t\t\t\t\t\t\t\t\t\t\t<\/div>\n\t\t\t\t<\/div>\n\t\t\t\t\t<\/div>\n\t\t<\/div>\n\t\t\t\t<div class=\"elementor-column elementor-col-50 elementor-inner-column elementor-element elementor-element-a714b17\" data-id=\"a714b17\" data-element_type=\"column\" data-e-type=\"column\">\n\t\t\t<div class=\"elementor-widget-wrap elementor-element-populated\">\n\t\t\t\t\t\t<div class=\"elementor-element elementor-element-70ae3b0 elementor-widget elementor-widget-text-editor\" data-id=\"70ae3b0\" data-element_type=\"widget\" data-e-type=\"widget\" data-widget_type=\"text-editor.default\">\n\t\t\t\t<div class=\"elementor-widget-container\">\n\t\t\t\t\t\t\t\t\t<p>Nos restaurants partenaires<\/p>\t\t\t\t\t\t\t\t<\/div>\n\t\t\t\t<\/div>\n\t\t\t\t\t<\/div>\n\t\t<\/div>\n\t\t\t\t\t<\/div>\n\t\t<\/section>\n\t\t\t\t\t<\/div>\n\t\t<\/div>\n\t\t\t\t\t<\/div>\n\t\t<\/section>\n\t\t\t\t<section class=\"elementor-section elementor-top-section elementor-element elementor-element-e83348e elementor-section-boxed elementor-section-height-default elementor-section-height-default\" data-id=\"e83348e\" data-element_type=\"section\" data-e-type=\"section\">\n\t\t\t\t\t\t<div class=\"elementor-container elementor-column-gap-default\">\n\t\t\t\t\t<div class=\"elementor-column elementor-col-100 elementor-top-column elementor-element elementor-element-2f4070c\" data-id=\"2f4070c\" data-element_type=\"column\" data-e-type=\"column\">\n\t\t\t<div class=\"elementor-widget-wrap elementor-element-populated\">\n\t\t\t\t\t\t<div class=\"elementor-element elementor-element-72466b2 elementor-widget elementor-widget-heading\" data-id=\"72466b2\" data-element_type=\"widget\" data-e-type=\"widget\" data-widget_type=\"heading.default\">\n\t\t\t\t<div class=\"elementor-widget-container\">\n\t\t\t\t\t<h3 class=\"elementor-heading-title elementor-size-default\">Envie de devenir revendeurs des produits de la brique ? <\/h3>\t\t\t\t<\/div>\n\t\t\t\t<\/div>\n\t\t\t\t<div class=\"elementor-element elementor-element-faa35bc elementor-align-center elementor-widget elementor-widget-button\" data-id=\"faa35bc\" data-element_type=\"widget\" data-e-type=\"widget\" data-widget_type=\"button.default\">\n\t\t\t\t<div class=\"elementor-widget-container\">\n\t\t\t\t\t\t\t\t\t<div class=\"elementor-button-wrapper\">\n\t\t\t\t\t<a class=\"elementor-button elementor-button-link elementor-size-md\" href=\"https:\/\/cidreriedelabrique.com\/index.php\/contact\/\">\n\t\t\t\t\t\t<span class=\"elementor-button-content-wrapper\">\n\t\t\t\t\t\t\t\t\t<span class=\"elementor-button-text\">CONTACTEZ-NOUS<\/span>\n\t\t\t\t\t<\/span>\n\t\t\t\t\t<\/a>\n\t\t\t\t<\/div>\n\t\t\t\t\t\t\t\t<\/div>\n\t\t\t\t<\/div>\n\t\t\t\t\t<\/div>\n\t\t<\/div>\n\t\t\t\t\t<\/div>\n\t\t<\/section>\n\t\t\t\t<\/div>\n\t\t","protected":false},"excerpt":{"rendered":"<p>O\u00f9 nous retrouver en France ? L\u00e9gende Nos magasins revendeurs Nos restaurants partenaires Envie de devenir revendeurs des produits de la brique ? CONTACTEZ-NOUS<\/p>\n","protected":false},"author":1,"featured_media":0,"parent":0,"menu_order":0,"comment_status":"closed","ping_status":"closed","template":"","meta":{"_monsterinsights_skip_tracking":false,"_monsterinsights_sitenote_active":false,"_monsterinsights_sitenote_note":"","_monsterinsights_sitenote_category":0,"site-sidebar-layout":"no-sidebar","site-content-layout":"page-builder","ast-site-content-layout":"default","site-content-style":"default","site-sidebar-style":"default","ast-global-header-display":"","ast-banner-title-visibility":"","ast-main-header-display":"","ast-hfb-above-header-display":"","ast-hfb-below-header-display":"","ast-hfb-mobile-header-display":"","site-post-title":"disabled","ast-breadcrumbs-content":"","ast-featured-img":"disabled","footer-sml-layout":"","ast-disable-related-posts":"","theme-transparent-header-meta":"","adv-header-id-meta":"","stick-header-meta":"","header-above-stick-meta":"","header-main-stick-meta":"","header-below-stick-meta":"","astra-migrate-meta-layouts":"default","ast-page-background-enabled":"default","ast-page-background-meta":{"desktop":{"background-color":"var(--ast-global-color-4)","background-image":"","background-repeat":"repeat","background-position":"center center","background-size":"auto","background-attachment":"scroll","background-type":"","background-media":"","overlay-type":"","overlay-color":"","overlay-opacity":"","overlay-gradient":""},"tablet":{"background-color":"","background-image":"","background-repeat":"repeat","background-position":"center center","background-size":"auto","background-attachment":"scroll","background-type":"","background-media":"","overlay-type":"","overlay-color":"","overlay-opacity":"","overlay-gradient":""},"mobile":{"background-color":"","background-image":"","background-repeat":"repeat","background-position":"center center","background-size":"auto","background-attachment":"scroll","background-type":"","background-media":"","overlay-type":"","overlay-color":"","overlay-opacity":"","overlay-gradient":""}},"ast-content-background-meta":{"desktop":{"background-color":"var(--ast-global-color-5)","background-image":"","background-repeat":"repeat","background-position":"center center","background-size":"auto","background-attachment":"scroll","background-type":"","background-media":"","overlay-type":"","overlay-color":"","overlay-opacity":"","overlay-gradient":""},"tablet":{"background-color":"var(--ast-global-color-5)","background-image":"","background-repeat":"repeat","background-position":"center center","background-size":"auto","background-attachment":"scroll","background-type":"","background-media":"","overlay-type":"","overlay-color":"","overlay-opacity":"","overlay-gradient":""},"mobile":{"background-color":"var(--ast-global-color-5)","background-image":"","background-repeat":"repeat","background-position":"center center","background-size":"auto","background-attachment":"scroll","background-type":"","background-media":"","overlay-type":"","overlay-color":"","overlay-opacity":"","overlay-gradient":""}},"footnotes":""},"class_list":["post-1781","page","type-page","status-publish","hentry"],"yoast_head":"<!-- This site is optimized with the Yoast SEO plugin v27.4 - https:\/\/yoast.com\/product\/yoast-seo-wordpress\/ -->\n<title>Nos revendeurs - cidreriedelabrique<\/title>\n<meta name=\"description\" content=\"Retrouvez vos cidres pr\u00e9f\u00e9r\u00e9s de la Cidrerie de la brique chez Nos revendeurs partout en France, et dans le monde entier.\" \/>\n<meta name=\"robots\" content=\"index, follow, max-snippet:-1, max-image-preview:large, max-video-preview:-1\" \/>\n<link rel=\"canonical\" href=\"https:\/\/cidreriedelabrique.com\/index.php\/nos-revendeurs\/\" \/>\n<meta property=\"og:locale\" content=\"fr_FR\" \/>\n<meta property=\"og:type\" content=\"article\" \/>\n<meta property=\"og:title\" content=\"Nos revendeurs - cidreriedelabrique\" \/>\n<meta property=\"og:description\" content=\"Retrouvez vos cidres pr\u00e9f\u00e9r\u00e9s de la Cidrerie de la brique chez Nos revendeurs partout en France, et dans le monde entier.\" \/>\n<meta property=\"og:url\" content=\"https:\/\/cidreriedelabrique.com\/index.php\/nos-revendeurs\/\" \/>\n<meta property=\"og:site_name\" content=\"cidreriedelabrique\" \/>\n<meta property=\"article:publisher\" content=\"https:\/\/www.facebook.com\/cidreriedelabrique\" \/>\n<meta property=\"article:modified_time\" content=\"2023-02-17T13:39:22+00:00\" \/>\n<meta property=\"og:image\" content=\"https:\/\/cidreriedelabrique.com\/wp-content\/uploads\/2023\/02\/localisateur-02.png\" \/>\n<meta name=\"twitter:card\" content=\"summary_large_image\" \/>\n<meta name=\"twitter:label1\" content=\"Dur\u00e9e de lecture estim\u00e9e\" \/>\n\t<meta name=\"twitter:data1\" content=\"1 minute\" \/>\n<script type=\"application\/ld+json\" class=\"yoast-schema-graph\">{\"@context\":\"https:\\\/\\\/schema.org\",\"@graph\":[{\"@type\":\"WebPage\",\"@id\":\"https:\\\/\\\/cidreriedelabrique.com\\\/index.php\\\/nos-revendeurs\\\/\",\"url\":\"https:\\\/\\\/cidreriedelabrique.com\\\/index.php\\\/nos-revendeurs\\\/\",\"name\":\"Nos revendeurs - cidreriedelabrique\",\"isPartOf\":{\"@id\":\"https:\\\/\\\/cidreriedelabrique.com\\\/#website\"},\"primaryImageOfPage\":{\"@id\":\"https:\\\/\\\/cidreriedelabrique.com\\\/index.php\\\/nos-revendeurs\\\/#primaryimage\"},\"image\":{\"@id\":\"https:\\\/\\\/cidreriedelabrique.com\\\/index.php\\\/nos-revendeurs\\\/#primaryimage\"},\"thumbnailUrl\":\"https:\\\/\\\/cidreriedelabrique.com\\\/wp-content\\\/uploads\\\/2023\\\/02\\\/localisateur-02.png\",\"datePublished\":\"2023-02-17T13:08:58+00:00\",\"dateModified\":\"2023-02-17T13:39:22+00:00\",\"description\":\"Retrouvez vos cidres pr\u00e9f\u00e9r\u00e9s de la Cidrerie de la brique chez Nos revendeurs partout en France, et dans le monde entier.\",\"breadcrumb\":{\"@id\":\"https:\\\/\\\/cidreriedelabrique.com\\\/index.php\\\/nos-revendeurs\\\/#breadcrumb\"},\"inLanguage\":\"fr-FR\",\"potentialAction\":[{\"@type\":\"ReadAction\",\"target\":[\"https:\\\/\\\/cidreriedelabrique.com\\\/index.php\\\/nos-revendeurs\\\/\"]}]},{\"@type\":\"ImageObject\",\"inLanguage\":\"fr-FR\",\"@id\":\"https:\\\/\\\/cidreriedelabrique.com\\\/index.php\\\/nos-revendeurs\\\/#primaryimage\",\"url\":\"https:\\\/\\\/cidreriedelabrique.com\\\/wp-content\\\/uploads\\\/2023\\\/02\\\/localisateur-02.png\",\"contentUrl\":\"https:\\\/\\\/cidreriedelabrique.com\\\/wp-content\\\/uploads\\\/2023\\\/02\\\/localisateur-02.png\",\"width\":176,\"height\":179},{\"@type\":\"BreadcrumbList\",\"@id\":\"https:\\\/\\\/cidreriedelabrique.com\\\/index.php\\\/nos-revendeurs\\\/#breadcrumb\",\"itemListElement\":[{\"@type\":\"ListItem\",\"position\":1,\"name\":\"Accueil\",\"item\":\"https:\\\/\\\/cidreriedelabrique.com\\\/\"},{\"@type\":\"ListItem\",\"position\":2,\"name\":\"Nos revendeurs\"}]},{\"@type\":\"WebSite\",\"@id\":\"https:\\\/\\\/cidreriedelabrique.com\\\/#website\",\"url\":\"https:\\\/\\\/cidreriedelabrique.com\\\/\",\"name\":\"cidreriedelabrique\",\"description\":\"Artisans Cidricoles depuis 1953\",\"publisher\":{\"@id\":\"https:\\\/\\\/cidreriedelabrique.com\\\/#organization\"},\"potentialAction\":[{\"@type\":\"SearchAction\",\"target\":{\"@type\":\"EntryPoint\",\"urlTemplate\":\"https:\\\/\\\/cidreriedelabrique.com\\\/?s={search_term_string}\"},\"query-input\":{\"@type\":\"PropertyValueSpecification\",\"valueRequired\":true,\"valueName\":\"search_term_string\"}}],\"inLanguage\":\"fr-FR\"},{\"@type\":\"Organization\",\"@id\":\"https:\\\/\\\/cidreriedelabrique.com\\\/#organization\",\"name\":\"cidreriedelabrique\",\"url\":\"https:\\\/\\\/cidreriedelabrique.com\\\/\",\"logo\":{\"@type\":\"ImageObject\",\"inLanguage\":\"fr-FR\",\"@id\":\"https:\\\/\\\/cidreriedelabrique.com\\\/#\\\/schema\\\/logo\\\/image\\\/\",\"url\":\"https:\\\/\\\/cidreriedelabrique.com\\\/wp-content\\\/uploads\\\/2022\\\/08\\\/LOGO-CDLB-COULEUR-1.png\",\"contentUrl\":\"https:\\\/\\\/cidreriedelabrique.com\\\/wp-content\\\/uploads\\\/2022\\\/08\\\/LOGO-CDLB-COULEUR-1.png\",\"width\":2316,\"height\":2317,\"caption\":\"cidreriedelabrique\"},\"image\":{\"@id\":\"https:\\\/\\\/cidreriedelabrique.com\\\/#\\\/schema\\\/logo\\\/image\\\/\"},\"sameAs\":[\"https:\\\/\\\/www.facebook.com\\\/cidreriedelabrique\",\"https:\\\/\\\/www.instagram.com\\\/cidreriedelabrique\",\"https:\\\/\\\/www.linkedin.com\\\/cidrerie-de-la-brique\"]}]}<\/script>\n<!-- \/ Yoast SEO plugin. -->","yoast_head_json":{"title":"Nos revendeurs - cidreriedelabrique","description":"Retrouvez vos cidres pr\u00e9f\u00e9r\u00e9s de la Cidrerie de la brique chez Nos revendeurs partout en France, et dans le monde entier.","robots":{"index":"index","follow":"follow","max-snippet":"max-snippet:-1","max-image-preview":"max-image-preview:large","max-video-preview":"max-video-preview:-1"},"canonical":"https:\/\/cidreriedelabrique.com\/index.php\/nos-revendeurs\/","og_locale":"fr_FR","og_type":"article","og_title":"Nos revendeurs - cidreriedelabrique","og_description":"Retrouvez vos cidres pr\u00e9f\u00e9r\u00e9s de la Cidrerie de la brique chez Nos revendeurs partout en France, et dans le monde entier.","og_url":"https:\/\/cidreriedelabrique.com\/index.php\/nos-revendeurs\/","og_site_name":"cidreriedelabrique","article_publisher":"https:\/\/www.facebook.com\/cidreriedelabrique","article_modified_time":"2023-02-17T13:39:22+00:00","og_image":[{"url":"https:\/\/cidreriedelabrique.com\/wp-content\/uploads\/2023\/02\/localisateur-02.png","type":"","width":"","height":""}],"twitter_card":"summary_large_image","twitter_misc":{"Dur\u00e9e de lecture estim\u00e9e":"1 minute"},"schema":{"@context":"https:\/\/schema.org","@graph":[{"@type":"WebPage","@id":"https:\/\/cidreriedelabrique.com\/index.php\/nos-revendeurs\/","url":"https:\/\/cidreriedelabrique.com\/index.php\/nos-revendeurs\/","name":"Nos revendeurs - cidreriedelabrique","isPartOf":{"@id":"https:\/\/cidreriedelabrique.com\/#website"},"primaryImageOfPage":{"@id":"https:\/\/cidreriedelabrique.com\/index.php\/nos-revendeurs\/#primaryimage"},"image":{"@id":"https:\/\/cidreriedelabrique.com\/index.php\/nos-revendeurs\/#primaryimage"},"thumbnailUrl":"https:\/\/cidreriedelabrique.com\/wp-content\/uploads\/2023\/02\/localisateur-02.png","datePublished":"2023-02-17T13:08:58+00:00","dateModified":"2023-02-17T13:39:22+00:00","description":"Retrouvez vos cidres pr\u00e9f\u00e9r\u00e9s de la Cidrerie de la brique chez Nos revendeurs partout en France, et dans le monde entier.","breadcrumb":{"@id":"https:\/\/cidreriedelabrique.com\/index.php\/nos-revendeurs\/#breadcrumb"},"inLanguage":"fr-FR","potentialAction":[{"@type":"ReadAction","target":["https:\/\/cidreriedelabrique.com\/index.php\/nos-revendeurs\/"]}]},{"@type":"ImageObject","inLanguage":"fr-FR","@id":"https:\/\/cidreriedelabrique.com\/index.php\/nos-revendeurs\/#primaryimage","url":"https:\/\/cidreriedelabrique.com\/wp-content\/uploads\/2023\/02\/localisateur-02.png","contentUrl":"https:\/\/cidreriedelabrique.com\/wp-content\/uploads\/2023\/02\/localisateur-02.png","width":176,"height":179},{"@type":"BreadcrumbList","@id":"https:\/\/cidreriedelabrique.com\/index.php\/nos-revendeurs\/#breadcrumb","itemListElement":[{"@type":"ListItem","position":1,"name":"Accueil","item":"https:\/\/cidreriedelabrique.com\/"},{"@type":"ListItem","position":2,"name":"Nos revendeurs"}]},{"@type":"WebSite","@id":"https:\/\/cidreriedelabrique.com\/#website","url":"https:\/\/cidreriedelabrique.com\/","name":"cidreriedelabrique","description":"Artisans Cidricoles depuis 1953","publisher":{"@id":"https:\/\/cidreriedelabrique.com\/#organization"},"potentialAction":[{"@type":"SearchAction","target":{"@type":"EntryPoint","urlTemplate":"https:\/\/cidreriedelabrique.com\/?s={search_term_string}"},"query-input":{"@type":"PropertyValueSpecification","valueRequired":true,"valueName":"search_term_string"}}],"inLanguage":"fr-FR"},{"@type":"Organization","@id":"https:\/\/cidreriedelabrique.com\/#organization","name":"cidreriedelabrique","url":"https:\/\/cidreriedelabrique.com\/","logo":{"@type":"ImageObject","inLanguage":"fr-FR","@id":"https:\/\/cidreriedelabrique.com\/#\/schema\/logo\/image\/","url":"https:\/\/cidreriedelabrique.com\/wp-content\/uploads\/2022\/08\/LOGO-CDLB-COULEUR-1.png","contentUrl":"https:\/\/cidreriedelabrique.com\/wp-content\/uploads\/2022\/08\/LOGO-CDLB-COULEUR-1.png","width":2316,"height":2317,"caption":"cidreriedelabrique"},"image":{"@id":"https:\/\/cidreriedelabrique.com\/#\/schema\/logo\/image\/"},"sameAs":["https:\/\/www.facebook.com\/cidreriedelabrique","https:\/\/www.instagram.com\/cidreriedelabrique","https:\/\/www.linkedin.com\/cidrerie-de-la-brique"]}]}},"_links":{"self":[{"href":"https:\/\/cidreriedelabrique.com\/index.php\/wp-json\/wp\/v2\/pages\/1781","targetHints":{"allow":["GET"]}}],"collection":[{"href":"https:\/\/cidreriedelabrique.com\/index.php\/wp-json\/wp\/v2\/pages"}],"about":[{"href":"https:\/\/cidreriedelabrique.com\/index.php\/wp-json\/wp\/v2\/types\/page"}],"author":[{"embeddable":true,"href":"https:\/\/cidreriedelabrique.com\/index.php\/wp-json\/wp\/v2\/users\/1"}],"replies":[{"embeddable":true,"href":"https:\/\/cidreriedelabrique.com\/index.php\/wp-json\/wp\/v2\/comments?post=1781"}],"version-history":[{"count":57,"href":"https:\/\/cidreriedelabrique.com\/index.php\/wp-json\/wp\/v2\/pages\/1781\/revisions"}],"predecessor-version":[{"id":1865,"href":"https:\/\/cidreriedelabrique.com\/index.php\/wp-json\/wp\/v2\/pages\/1781\/revisions\/1865"}],"wp:attachment":[{"href":"https:\/\/cidreriedelabrique.com\/index.php\/wp-json\/wp\/v2\/media?parent=1781"}],"curies":[{"name":"wp","href":"https:\/\/api.w.org\/{rel}","templated":true}]}}